{"id":870,"date":"2024-11-27T22:41:02","date_gmt":"2024-11-27T21:41:02","guid":{"rendered":"https:\/\/oswego.eu\/?page_id=870"},"modified":"2024-11-27T22:41:02","modified_gmt":"2024-11-27T21:41:02","slug":"mentions-legales","status":"publish","type":"page","link":"https:\/\/oswego.eu\/pt\/mentions-legales\/","title":{"rendered":"Informa\u00e7\u00e3o jur\u00eddica"},"content":{"rendered":"<p class=\"wp-block-paragraph\">Estes termos e condi\u00e7\u00f5es regem a utiliza\u00e7\u00e3o deste s\u00edtio.&nbsp;<a href=\"https:\/\/www.oswegoaudit.com\/\">oswegoaudit.com<\/a>.<\/p>\n\n\n\n<p class=\"wp-block-paragraph\">Este s\u00edtio \u00e9 propriedade e gerido por OswegO Conseil.<\/p>\n\n\n\n<p class=\"wp-block-paragraph\">Ao utilizar este s\u00edtio, o utilizador indica que leu e compreendeu as condi\u00e7\u00f5es de utiliza\u00e7\u00e3o e que concorda em respeit\u00e1-las a todo o momento.<\/p>\n\n\n\n<p class=\"wp-block-paragraph\">Tipo de s\u00edtio: aplica\u00e7\u00e3o paga<\/p>\n\n\n\n<h1 class=\"wp-block-heading\">Propriedade intelectual<\/h1>\n\n\n\n<p class=\"wp-block-paragraph\">Todos os conte\u00fados publicados e disponibilizados neste s\u00edtio s\u00e3o propriedade da OswegO Conseil e dos seus criadores. Isto inclui, mas n\u00e3o se limita a, imagens, textos, log\u00f3tipos, documentos, ficheiros descarreg\u00e1veis e tudo o mais que contribua para a composi\u00e7\u00e3o deste site.<\/p>\n\n\n\n<h1 class=\"wp-block-heading\">Contas<\/h1>\n\n\n\n<p class=\"wp-block-paragraph\">Ao criar uma conta no nosso s\u00edtio, o utilizador aceita o seguinte:<\/p>\n\n\n\n<ul class=\"wp-block-list\">\n<li>que o utilizador \u00e9 o \u00fanico respons\u00e1vel pela sua conta e pela seguran\u00e7a e confidencialidade da sua conta, incluindo quaisquer palavras-passe ou informa\u00e7\u00f5es sens\u00edveis associadas \u00e0 mesma,<\/li>\n\n\n\n<li>que todas as informa\u00e7\u00f5es pessoais que nos fornece atrav\u00e9s da sua conta s\u00e3o actuais, exactas e verdadeiras e que actualizar\u00e1 as suas informa\u00e7\u00f5es pessoais se estas forem alteradas.<\/li>\n<\/ul>\n\n\n\n<p class=\"wp-block-paragraph\">Reservamo-nos o direito de suspender ou encerrar a conta do utilizador se este utilizar o nosso s\u00edtio ilegalmente ou violar a pol\u00edtica de utiliza\u00e7\u00e3o aceit\u00e1vel.<\/p>\n\n\n\n<h1 class=\"wp-block-heading\">Vendas de bens e servi\u00e7os<\/h1>\n\n\n\n<p class=\"wp-block-paragraph\">O presente documento rege a venda de servi\u00e7os disponibilizados no nosso s\u00edtio.<\/p>\n\n\n\n<p class=\"wp-block-paragraph\">Os servi\u00e7os que oferecemos incluem:<\/p>\n\n\n\n<ul class=\"wp-block-list\">\n<li>Acesso \u00e0 aplica\u00e7\u00e3o de auditoria OswegO<\/li>\n<\/ul>\n\n\n\n<p class=\"wp-block-paragraph\">Os servi\u00e7os ligados a este documento s\u00e3o os servi\u00e7os que s\u00e3o apresentados no nosso s\u00edtio no momento em que o utilizador acede ao mesmo. Todas as informa\u00e7\u00f5es, descri\u00e7\u00f5es ou imagens que fornecemos nos nossos servi\u00e7os s\u00e3o descritas e apresentadas com a maior exatid\u00e3o poss\u00edvel. No entanto, n\u00e3o estamos legalmente vinculados por essas informa\u00e7\u00f5es, descri\u00e7\u00f5es ou imagens, uma vez que n\u00e3o podemos garantir a exatid\u00e3o de cada produto ou servi\u00e7o que fornecemos. O utilizador concorda em adquirir estes servi\u00e7os por sua pr\u00f3pria conta e risco.<\/p>\n\n\n\n<h2 class=\"wp-block-heading\">Pagamentos<\/h2>\n\n\n\n<p class=\"wp-block-paragraph\">Aceitamos os seguintes m\u00e9todos de pagamento neste s\u00edtio:<\/p>\n\n\n\n<ul class=\"wp-block-list\">\n<li>Pagamento por transfer\u00eancia banc\u00e1ria ap\u00f3s rece\u00e7\u00e3o da fatura<\/li>\n<\/ul>\n\n\n\n<p class=\"wp-block-paragraph\">Ao fornecer-nos os seus dados de pagamento, o utilizador confirma que autorizou a utiliza\u00e7\u00e3o e o acesso ao instrumento de pagamento que escolheu utilizar. Ao fornecer-nos os seus dados de pagamento, o utilizador confirma que nos autoriza a debitar o montante devido a esse instrumento de pagamento.<\/p>\n\n\n\n<p class=\"wp-block-paragraph\">Se considerarmos que o seu pagamento violou uma lei ou uma das nossas condi\u00e7\u00f5es de utiliza\u00e7\u00e3o, reservamo-nos o direito de cancelar a sua transa\u00e7\u00e3o.<\/p>\n\n\n\n<h1 class=\"wp-block-heading\">Servi\u00e7os<\/h1>\n\n\n\n<p class=\"wp-block-paragraph\">Os servi\u00e7os ser\u00e3o facturados na totalidade no momento da encomenda do servi\u00e7o e dever\u00e3o ser pagos no prazo de 7 dias ap\u00f3s a rece\u00e7\u00e3o da fatura. Ap\u00f3s este prazo, OswegO Conseil reserva-se o direito de suspender ou anular o seu acesso aos nossos servi\u00e7os.<\/p>\n\n\n\n<h1 class=\"wp-block-heading\">Assinaturas<\/h1>\n\n\n\n<p class=\"wp-block-paragraph\">Todas as nossas subscri\u00e7\u00f5es recorrentes ser\u00e3o automaticamente facturadas e renovadas at\u00e9 recebermos uma notifica\u00e7\u00e3o de que pretende cancelar a subscri\u00e7\u00e3o. O pre\u00e7o da assinatura pode ser consultado no s\u00edtio Web OswegOconseil.com.<\/p>\n\n\n\n<p class=\"wp-block-paragraph\">Se pretender cancelar as suas subscri\u00e7\u00f5es, siga estes passos:<\/p>\n\n\n\n<p class=\"wp-block-paragraph\">Para anular a sua subscri\u00e7\u00e3o, inicie sess\u00e3o no seu espa\u00e7o cliente. Em seguida, nas suas prefer\u00eancias, clique no bot\u00e3o \"Anular a subscri\u00e7\u00e3o\".<\/p>\n\n\n\n<p class=\"wp-block-paragraph\">Confirme o cancelamento da sua inscri\u00e7\u00e3o clicando na liga\u00e7\u00e3o enviada para o endere\u00e7o de correio eletr\u00f3nico associado \u00e0 sua conta.<\/p>\n\n\n\n<h1 class=\"wp-block-heading\">Reembolso<\/h1>\n\n\n\n<p class=\"wp-block-paragraph\">Todos os servi\u00e7os vendidos no nosso s\u00edtio n\u00e3o s\u00e3o reembols\u00e1veis.<\/p>\n\n\n\n<h1 class=\"wp-block-heading\">Limita\u00e7\u00e3o da responsabilidade<\/h1>\n\n\n\n<p class=\"wp-block-paragraph\">A OswegO Conseil ou um dos seus colaboradores ser\u00e3o respons\u00e1veis por qualquer problema decorrente deste s\u00edtio. No entanto, a OswegO Conseil e os seus colaboradores n\u00e3o poder\u00e3o ser responsabilizados por quaisquer problemas decorrentes de uma utiliza\u00e7\u00e3o incorrecta deste site.<\/p>\n\n\n\n<h1 class=\"wp-block-heading\">Compensa\u00e7\u00e3o<\/h1>\n\n\n\n<p class=\"wp-block-paragraph\">Como utilizador, o utilizador indemniza a OswegO Conseil de e contra toda e qualquer responsabilidade, custos, causas de a\u00e7\u00e3o, danos ou despesas decorrentes da sua utiliza\u00e7\u00e3o deste site ou da viola\u00e7\u00e3o de qualquer uma das disposi\u00e7\u00f5es aqui estabelecidas.<\/p>\n\n\n\n<h1 class=\"wp-block-heading\">Legisla\u00e7\u00e3o aplic\u00e1vel<\/h1>\n\n\n\n<p class=\"wp-block-paragraph\">O presente documento est\u00e1 sujeito \u00e0 legisla\u00e7\u00e3o aplic\u00e1vel em Fran\u00e7a e visa cumprir as regras e os regulamentos necess\u00e1rios. Isto inclui a regulamenta\u00e7\u00e3o a n\u00edvel da UE estabelecida no RGPD.<\/p>\n\n\n\n<h1 class=\"wp-block-heading\">Divisibilidade<\/h1>\n\n\n\n<p class=\"wp-block-paragraph\">Se, em qualquer altura, alguma das disposi\u00e7\u00f5es estabelecidas no presente documento for considerada inconsistente ou inv\u00e1lida ao abrigo da legisla\u00e7\u00e3o aplic\u00e1vel, essas disposi\u00e7\u00f5es ser\u00e3o consideradas nulas e sem efeito e ser\u00e3o retiradas do presente documento. Todas as outras disposi\u00e7\u00f5es n\u00e3o ser\u00e3o afectadas por essas leis e o resto do presente documento continuar\u00e1 a ser considerado v\u00e1lido.<\/p>\n\n\n\n<h1 class=\"wp-block-heading\">Altera\u00e7\u00f5es<\/h1>\n\n\n\n<p class=\"wp-block-paragraph\">Estes termos e condi\u00e7\u00f5es podem ser alterados periodicamente para manter a conformidade com a lei e para refletir quaisquer altera\u00e7\u00f5es na forma como operamos o nosso s\u00edtio e na forma como esperamos que os utilizadores se comportem no nosso s\u00edtio. Recomendamos que os nossos utilizadores consultem periodicamente estes termos e condi\u00e7\u00f5es para se certificarem de que t\u00eam conhecimento de quaisquer actualiza\u00e7\u00f5es. Se necess\u00e1rio, notificaremos os utilizadores por correio eletr\u00f3nico das altera\u00e7\u00f5es a estes termos e condi\u00e7\u00f5es ou colocaremos um aviso no nosso s\u00edtio.<\/p>\n\n\n\n<h1 class=\"wp-block-heading\">Contacto<\/h1>\n\n\n\n<p class=\"wp-block-paragraph\">Contacte-nos se tiver alguma d\u00favida ou preocupa\u00e7\u00e3o. Os nossos dados de contacto s\u00e3o os seguintes<\/p>\n\n\n\n<p class=\"wp-block-paragraph\">contact@oswegoconseil.com<\/p>\n\n\n\n<h1 class=\"wp-block-heading\">Informa\u00e7\u00e3o jur\u00eddica<\/h1>\n\n\n\n<p class=\"wp-block-paragraph\">SASU OswegO Conselho<\/p>\n\n\n\n<p class=\"wp-block-paragraph\">Capital social de 3,750 euros<\/p>\n\n\n\n<p class=\"wp-block-paragraph\">102 rue de Saint Symphorien,<\/p>\n\n\n\n<p class=\"wp-block-paragraph\">79000 Niort<\/p>\n\n\n\n<p class=\"wp-block-paragraph\">Registada no Registo Comercial e de Empresas com o n\u00famero: 791 862 931<\/p>\n\n\n\n<p class=\"wp-block-paragraph\">O diretor da publica\u00e7\u00e3o do s\u00edtio web oswegoconseil.com \u00e9 OswegO Conseil.<\/p>\n\n\n\n<p class=\"wp-block-paragraph\"><\/p>","protected":false},"excerpt":{"rendered":"<p>Les pr\u00e9sentes conditions g\u00e9n\u00e9rales r\u00e9gissent l\u2019utilisation de ce site&nbsp;oswegoaudit.com. Ce site appartient et est g\u00e9r\u00e9 par OswegO Conseil. En utilisant ce site, vous indiquez que vous avez lu et compris les conditions d\u2019utilisation et que vous acceptez de les respecter en tout temps. Type de site : application payante Propri\u00e9t\u00e9 intellectuelle Tout contenu publi\u00e9 et [&hellip;]<\/p>\n","protected":false},"author":257993084,"featured_media":0,"parent":0,"menu_order":0,"comment_status":"closed","ping_status":"closed","template":"","meta":{"_crdt_document":"","jetpack_post_was_ever_published":false,"footnotes":""},"class_list":["post-870","page","type-page","status-publish","hentry"],"aioseo_notices":[],"yoast_head":"<!-- This site is optimized with the Yoast SEO plugin v27.3 - https:\/\/yoast.com\/product\/yoast-seo-wordpress\/ -->\n<title>Mentions l\u00e9gales - OswegO<\/title>\n<meta name=\"description\" content=\"D\u00e9couvrir Mentions l\u00e9gales avec OswegO, un cabinet de conseil sp\u00e9cialis\u00e9 dans l&#039;exp\u00e9rience client et le succ\u00e8s des op\u00e9rations.\" \/>\n<meta name=\"robots\" content=\"index, follow, max-snippet:-1, max-image-preview:large, max-video-preview:-1\" \/>\n<link rel=\"canonical\" href=\"https:\/\/oswego.eu\/pt\/mentions-legales\/\" \/>\n<meta property=\"og:locale\" content=\"pt_PT\" \/>\n<meta property=\"og:type\" content=\"article\" \/>\n<meta property=\"og:title\" content=\"Mentions l\u00e9gales - OswegO\" \/>\n<meta property=\"og:description\" content=\"D\u00e9couvrir Mentions l\u00e9gales avec OswegO, un cabinet de conseil sp\u00e9cialis\u00e9 dans l&#039;exp\u00e9rience client et le succ\u00e8s des op\u00e9rations.\" \/>\n<meta property=\"og:url\" content=\"https:\/\/oswego.eu\/pt\/mentions-legales\/\" \/>\n<meta property=\"og:site_name\" content=\"OswegO\" \/>\n<meta name=\"twitter:card\" content=\"summary_large_image\" \/>\n<meta name=\"twitter:label1\" content=\"Tempo estimado de leitura\" \/>\n\t<meta name=\"twitter:data1\" content=\"5 minutos\" \/>\n<script type=\"application\/ld+json\" class=\"yoast-schema-graph\">{\"@context\":\"https:\\\/\\\/schema.org\",\"@graph\":[{\"@type\":[\"WebPage\",\"FAQPage\"],\"@id\":\"https:\\\/\\\/oswego.eu\\\/mentions-legales\\\/\",\"url\":\"https:\\\/\\\/oswego.eu\\\/mentions-legales\\\/\",\"name\":\"Mentions l\u00e9gales - OswegO\",\"isPartOf\":{\"@id\":\"https:\\\/\\\/oswego.eu\\\/#website\"},\"datePublished\":\"2024-11-27T21:41:02+00:00\",\"description\":\"D\u00e9couvrir Mentions l\u00e9gales avec OswegO, un cabinet de conseil sp\u00e9cialis\u00e9 dans l'exp\u00e9rience client et le succ\u00e8s des op\u00e9rations.\",\"breadcrumb\":{\"@id\":\"https:\\\/\\\/oswego.eu\\\/mentions-legales\\\/#breadcrumb\"},\"inLanguage\":\"pt-PT\",\"potentialAction\":[{\"@type\":\"ReadAction\",\"target\":[\"https:\\\/\\\/oswego.eu\\\/mentions-legales\\\/\"]}]},{\"@type\":\"BreadcrumbList\",\"@id\":\"https:\\\/\\\/oswego.eu\\\/mentions-legales\\\/#breadcrumb\",\"itemListElement\":[{\"@type\":\"ListItem\",\"position\":1,\"name\":\"Accueil\",\"item\":\"https:\\\/\\\/oswego.eu\\\/\"},{\"@type\":\"ListItem\",\"position\":2,\"name\":\"Mentions l\u00e9gales\"}]},{\"@type\":\"WebSite\",\"@id\":\"https:\\\/\\\/oswego.eu\\\/#website\",\"url\":\"https:\\\/\\\/oswego.eu\\\/\",\"name\":\"OswegO\",\"description\":\"Conseil en op\u00e9rations et exp\u00e9rience client\",\"publisher\":{\"@id\":\"https:\\\/\\\/oswego.eu\\\/#organization\"},\"potentialAction\":[{\"@type\":\"SearchAction\",\"target\":{\"@type\":\"EntryPoint\",\"urlTemplate\":\"https:\\\/\\\/oswego.eu\\\/?s={search_term_string}\"},\"query-input\":{\"@type\":\"PropertyValueSpecification\",\"valueRequired\":true,\"valueName\":\"search_term_string\"}}],\"inLanguage\":\"pt-PT\"},{\"@type\":\"Organization\",\"@id\":\"https:\\\/\\\/oswego.eu\\\/#organization\",\"name\":\"OswegO\",\"url\":\"https:\\\/\\\/oswego.eu\\\/\",\"logo\":{\"@type\":\"ImageObject\",\"inLanguage\":\"pt-PT\",\"@id\":\"https:\\\/\\\/oswego.eu\\\/#\\\/schema\\\/logo\\\/image\\\/\",\"url\":\"https:\\\/\\\/i0.wp.com\\\/oswego.eu\\\/wp-content\\\/uploads\\\/2025\\\/01\\\/oswego_logo_white.png?fit=4800%2C1200&ssl=1\",\"contentUrl\":\"https:\\\/\\\/i0.wp.com\\\/oswego.eu\\\/wp-content\\\/uploads\\\/2025\\\/01\\\/oswego_logo_white.png?fit=4800%2C1200&ssl=1\",\"width\":4800,\"height\":1200,\"caption\":\"OswegO\"},\"image\":{\"@id\":\"https:\\\/\\\/oswego.eu\\\/#\\\/schema\\\/logo\\\/image\\\/\"},\"sameAs\":[\"https:\\\/\\\/www.linkedin.com\\\/company\\\/oswego-eu\\\/\"]}]}<\/script>\n<!-- \/ Yoast SEO plugin. -->","yoast_head_json":{"title":"Mentions l\u00e9gales - OswegO","description":"D\u00e9couvrir Mentions l\u00e9gales avec OswegO, un cabinet de conseil sp\u00e9cialis\u00e9 dans l'exp\u00e9rience client et le succ\u00e8s des op\u00e9rations.","robots":{"index":"index","follow":"follow","max-snippet":"max-snippet:-1","max-image-preview":"max-image-preview:large","max-video-preview":"max-video-preview:-1"},"canonical":"https:\/\/oswego.eu\/pt\/mentions-legales\/","og_locale":"pt_PT","og_type":"article","og_title":"Mentions l\u00e9gales - OswegO","og_description":"D\u00e9couvrir Mentions l\u00e9gales avec OswegO, un cabinet de conseil sp\u00e9cialis\u00e9 dans l'exp\u00e9rience client et le succ\u00e8s des op\u00e9rations.","og_url":"https:\/\/oswego.eu\/pt\/mentions-legales\/","og_site_name":"OswegO","twitter_card":"summary_large_image","twitter_misc":{"Tempo estimado de leitura":"5 minutos"},"schema":{"@context":"https:\/\/schema.org","@graph":[{"@type":["WebPage","FAQPage"],"@id":"https:\/\/oswego.eu\/mentions-legales\/","url":"https:\/\/oswego.eu\/mentions-legales\/","name":"Mentions l\u00e9gales - OswegO","isPartOf":{"@id":"https:\/\/oswego.eu\/#website"},"datePublished":"2024-11-27T21:41:02+00:00","description":"D\u00e9couvrir Mentions l\u00e9gales avec OswegO, un cabinet de conseil sp\u00e9cialis\u00e9 dans l'exp\u00e9rience client et le succ\u00e8s des op\u00e9rations.","breadcrumb":{"@id":"https:\/\/oswego.eu\/mentions-legales\/#breadcrumb"},"inLanguage":"pt-PT","potentialAction":[{"@type":"ReadAction","target":["https:\/\/oswego.eu\/mentions-legales\/"]}]},{"@type":"BreadcrumbList","@id":"https:\/\/oswego.eu\/mentions-legales\/#breadcrumb","itemListElement":[{"@type":"ListItem","position":1,"name":"Accueil","item":"https:\/\/oswego.eu\/"},{"@type":"ListItem","position":2,"name":"Mentions l\u00e9gales"}]},{"@type":"WebSite","@id":"https:\/\/oswego.eu\/#website","url":"https:\/\/oswego.eu\/","name":"OswegO","description":"Conseil en op\u00e9rations et exp\u00e9rience client","publisher":{"@id":"https:\/\/oswego.eu\/#organization"},"potentialAction":[{"@type":"SearchAction","target":{"@type":"EntryPoint","urlTemplate":"https:\/\/oswego.eu\/?s={search_term_string}"},"query-input":{"@type":"PropertyValueSpecification","valueRequired":true,"valueName":"search_term_string"}}],"inLanguage":"pt-PT"},{"@type":"Organization","@id":"https:\/\/oswego.eu\/#organization","name":"OswegO","url":"https:\/\/oswego.eu\/","logo":{"@type":"ImageObject","inLanguage":"pt-PT","@id":"https:\/\/oswego.eu\/#\/schema\/logo\/image\/","url":"https:\/\/i0.wp.com\/oswego.eu\/wp-content\/uploads\/2025\/01\/oswego_logo_white.png?fit=4800%2C1200&ssl=1","contentUrl":"https:\/\/i0.wp.com\/oswego.eu\/wp-content\/uploads\/2025\/01\/oswego_logo_white.png?fit=4800%2C1200&ssl=1","width":4800,"height":1200,"caption":"OswegO"},"image":{"@id":"https:\/\/oswego.eu\/#\/schema\/logo\/image\/"},"sameAs":["https:\/\/www.linkedin.com\/company\/oswego-eu\/"]}]}},"jetpack_likes_enabled":true,"jetpack_sharing_enabled":true,"jetpack_shortlink":"https:\/\/wp.me\/PgbXGF-e2","jetpack-related-posts":[],"_links":{"self":[{"href":"https:\/\/oswego.eu\/pt\/wp-json\/wp\/v2\/pages\/870","targetHints":{"allow":["GET"]}}],"collection":[{"href":"https:\/\/oswego.eu\/pt\/wp-json\/wp\/v2\/pages"}],"about":[{"href":"https:\/\/oswego.eu\/pt\/wp-json\/wp\/v2\/types\/page"}],"author":[{"embeddable":true,"href":"https:\/\/oswego.eu\/pt\/wp-json\/wp\/v2\/users\/257993084"}],"replies":[{"embeddable":true,"href":"https:\/\/oswego.eu\/pt\/wp-json\/wp\/v2\/comments?post=870"}],"version-history":[{"count":2,"href":"https:\/\/oswego.eu\/pt\/wp-json\/wp\/v2\/pages\/870\/revisions"}],"predecessor-version":[{"id":872,"href":"https:\/\/oswego.eu\/pt\/wp-json\/wp\/v2\/pages\/870\/revisions\/872"}],"wp:attachment":[{"href":"https:\/\/oswego.eu\/pt\/wp-json\/wp\/v2\/media?parent=870"}],"curies":[{"name":"wp","href":"https:\/\/api.w.org\/{rel}","templated":true}]}}